{"id":3288,"date":"2019-05-30T07:53:56","date_gmt":"2019-05-30T07:53:56","guid":{"rendered":"http:\/\/lummus.ee\/toode\/korvarongas-keskmine-raag\/"},"modified":"2026-04-11T00:00:03","modified_gmt":"2026-04-11T00:00:03","slug":"earring-twig-2","status":"publish","type":"product","link":"https:\/\/lummus.ee\/en\/toode\/earring-twig-2\/","title":{"rendered":"Earring Leafless Twig"},"content":{"rendered":"","protected":false},"excerpt":{"rendered":"<p>Keskmine variant omavahel kombineeritavatest Raag k\u00f5rvar\u00f5ngastest, mis on m\u00fc\u00fcgil \u00fckshaaval. Ikka selleks, et iga\u00fcks leiaks endale k\u00f5ige lummavama kombinatsiooni.<\/p>\n<p>NB! K\u00f5rvar\u00f5ngast ei m\u00fc\u00fcda paarina.<\/p>\n<p>V\u00f5imalik on n\u00e4iteks soovi korral kombineerida teiste Raag k\u00f5rvar\u00f5ngastega v\u00f5i leida sobiv alternatiiv hoopis Oks k\u00f5rvar\u00f5ngaste seast.<\/p>\n","protected":false},"featured_media":3268,"comment_status":"open","ping_status":"closed","template":"","meta":{"_acf_changed":false},"product_brand":[],"product_cat":[43],"product_tag":[],"class_list":{"0":"post-3288","1":"product","2":"type-product","3":"status-publish","4":"has-post-thumbnail","6":"product_cat-thicket-beauty","8":"first","9":"instock","10":"taxable","11":"shipping-taxable","12":"purchasable","13":"product-type-simple"},"acf":[],"_links":{"self":[{"href":"https:\/\/lummus.ee\/en\/wp-json\/wp\/v2\/product\/3288","targetHints":{"allow":["GET"]}}],"collection":[{"href":"https:\/\/lummus.ee\/en\/wp-json\/wp\/v2\/product"}],"about":[{"href":"https:\/\/lummus.ee\/en\/wp-json\/wp\/v2\/types\/product"}],"replies":[{"embeddable":true,"href":"https:\/\/lummus.ee\/en\/wp-json\/wp\/v2\/comments?post=3288"}],"wp:featuredmedia":[{"embeddable":true,"href":"https:\/\/lummus.ee\/en\/wp-json\/wp\/v2\/media\/3268"}],"wp:attachment":[{"href":"https:\/\/lummus.ee\/en\/wp-json\/wp\/v2\/media?parent=3288"}],"wp:term":[{"taxonomy":"product_brand","embeddable":true,"href":"https:\/\/lummus.ee\/en\/wp-json\/wp\/v2\/product_brand?post=3288"},{"taxonomy":"product_cat","embeddable":true,"href":"https:\/\/lummus.ee\/en\/wp-json\/wp\/v2\/product_cat?post=3288"},{"taxonomy":"product_tag","embeddable":true,"href":"https:\/\/lummus.ee\/en\/wp-json\/wp\/v2\/product_tag?post=3288"}],"curies":[{"name":"wp","href":"https:\/\/api.w.org\/{rel}","templated":true}]}}